{"id":3205,"date":"2025-04-24T13:44:23","date_gmt":"2025-04-24T13:44:23","guid":{"rendered":"https:\/\/twentysight.com\/presentation\/"},"modified":"2026-03-16T18:10:32","modified_gmt":"2026-03-16T18:10:32","slug":"presentation","status":"publish","type":"page","link":"https:\/\/twentysight.com\/en\/presentation\/","title":{"rendered":"Presentation"},"content":{"rendered":"\t\t<div data-elementor-type=\"wp-page\" data-elementor-id=\"3205\" class=\"elementor elementor-3205 elementor-1888\" data-elementor-post-type=\"page\">\n\t\t\t\t<div class=\"elementor-element elementor-element-93b086e e-con-full e-flex e-con e-parent\" data-id=\"93b086e\" data-element_type=\"container\" data-e-type=\"container\" data-settings=\"{&quot;background_background&quot;:&quot;classic&quot;}\">\n\t\t<div class=\"elementor-element elementor-element-201d686 e-con-full e-flex e-con e-child\" data-id=\"201d686\" data-element_type=\"container\" data-e-type=\"container\" data-settings=\"{&quot;background_background&quot;:&quot;classic&quot;}\">\n\t\t\t\t<div class=\"elementor-element elementor-element-e6ae66a elementor-widget elementor-widget-heading\" data-id=\"e6ae66a\" data-element_type=\"widget\" data-e-type=\"widget\" data-widget_type=\"heading.default\">\n\t\t\t\t<div class=\"elementor-widget-container\">\n\t\t\t\t\t<h2 class=\"elementor-heading-title elementor-size-default\">Carole - Fashion photographer<\/h2>\t\t\t\t<\/div>\n\t\t\t\t<\/div>\n\t\t\t\t<div class=\"elementor-element elementor-element-00cddb8 elementor-widget-divider--view-line elementor-widget elementor-widget-divider\" data-id=\"00cddb8\" data-element_type=\"widget\" data-e-type=\"widget\" data-widget_type=\"divider.default\">\n\t\t\t\t<div class=\"elementor-widget-container\">\n\t\t\t\t\t\t\t<div class=\"elementor-divider\">\n\t\t\t<span class=\"elementor-divider-separator\">\n\t\t\t\t\t\t<\/span>\n\t\t<\/div>\n\t\t\t\t\t\t<\/div>\n\t\t\t\t<\/div>\n\t\t\t\t<div class=\"elementor-element elementor-element-f51986d elementor-widget elementor-widget-text-editor\" data-id=\"f51986d\" data-element_type=\"widget\" data-e-type=\"widget\" data-widget_type=\"text-editor.default\">\n\t\t\t\t<div class=\"elementor-widget-container\">\n\t\t\t\t\t\t\t\t\t<p>More than twenty years ago <strong>in Paris<\/strong>, <strong>Carole<\/strong> opened the doors to her photographic destiny. A passionate photo assistant, she trains with patience and curiosity, taming the camera as one tames the light of a new morning. Her talent blossoms between tradition and modernity,<br>as she accompanies the magical transition from film to digital.<\/p><p><strong>His professionalism, sensitivity and innate sense of direction<\/strong> opened the doors to the biggest studios. She then joined the legendary PinUp studio, where she had the opportunity to work as an assistant with <strong>Tobias Zarius<\/strong>, <strong>Patrick Demarchelier<\/strong> and many others&#8230;<\/p><p>By their side, she <strong>develops excellence, a passion for detail, respect for<\/strong> <strong>the <\/strong><strong>model and the power of an image capable of standing the test of time.<\/strong><\/p><p>Carole then emancipates herself to write her own story.<\/p><p><strong>Her vision, imbued with gentleness and strength<\/strong>, has seduced the finest fashion houses:<br><strong>Saint-Laurent (YSL),<\/strong> <strong>American Vintage, Anne Fontaine, Simone P\u00e9r\u00e8le, Burton of London, C\u00f4t\u00e9Lac<\/strong>&#8230; Each encounter, each project enriches her vision and refines her art of capturing the perfect moment, when emotion is revealed without artifice.<\/p><p>Recently settled in the Geneva area, she is giving new impetus to her personal and professional life, subtly blending her rich and rewarding career in Paris with this new energy in Geneva. His photography is now aimed at a <strong>demanding, upscale, intimate clientele<\/strong>, in search of unique shoots, conceived as genuine visual narratives, imbued with an exchange and sharing that highlight a specific emotion.<\/p><p>Her experienced, human approach blends <strong>art direction, style and fashion<\/strong>. <br>Carole loves to reveal the unique beauty of each individual. She captures that little extra soul that transforms a portrait into a work of art.<\/p>\t\t\t\t\t\t\t\t<\/div>\n\t\t\t\t<\/div>\n\t\t\t\t<\/div>\n\t\t<div class=\"elementor-element elementor-element-331a20d e-con-full e-flex e-con e-child\" data-id=\"331a20d\" data-element_type=\"container\" data-e-type=\"container\" data-settings=\"{&quot;background_background&quot;:&quot;classic&quot;,&quot;animation&quot;:&quot;none&quot;}\">\n\t\t\t\t<div class=\"elementor-element elementor-element-4499e05 elementor-widget elementor-widget-image\" data-id=\"4499e05\" data-element_type=\"widget\" data-e-type=\"widget\" data-widget_type=\"image.default\">\n\t\t\t\t<div class=\"elementor-widget-container\">\n\t\t\t\t\t\t\t\t\t\t\t\t\t\t\t<img fetchpriority=\"high\" decoding=\"async\" width=\"684\" height=\"1024\" src=\"https:\/\/twentysight.com\/wp-content\/uploads\/2025\/04\/BOOK_026-copie-Copier-684x1024.jpg\" class=\"attachment-large size-large wp-image-3174\" alt=\"\" srcset=\"https:\/\/twentysight.com\/wp-content\/uploads\/2025\/04\/BOOK_026-copie-Copier-684x1024.jpg 684w, https:\/\/twentysight.com\/wp-content\/uploads\/2025\/04\/BOOK_026-copie-Copier-200x300.jpg 200w, https:\/\/twentysight.com\/wp-content\/uploads\/2025\/04\/BOOK_026-copie-Copier-768x1151.jpg 768w, https:\/\/twentysight.com\/wp-content\/uploads\/2025\/04\/BOOK_026-copie-Copier.jpg 801w\" sizes=\"(max-width: 684px) 100vw, 684px\" \/>\t\t\t\t\t\t\t\t\t\t\t\t\t\t\t<\/div>\n\t\t\t\t<\/div>\n\t\t\t\t<\/div>\n\t\t\t\t<\/div>\n\t\t<div class=\"elementor-element elementor-element-c844f26 e-con-full e-flex e-con e-parent\" data-id=\"c844f26\" data-element_type=\"container\" data-e-type=\"container\" data-settings=\"{&quot;background_background&quot;:&quot;classic&quot;}\">\n\t\t<div class=\"elementor-element elementor-element-b507c05 e-flex e-con-boxed e-con e-child\" data-id=\"b507c05\" data-element_type=\"container\" data-e-type=\"container\">\n\t\t\t\t\t<div class=\"e-con-inner\">\n\t\t\t\t<div class=\"elementor-element elementor-element-7a8ea6e elementor-align-center e-transform elementor-invisible elementor-widget elementor-widget-button\" data-id=\"7a8ea6e\" data-element_type=\"widget\" data-e-type=\"widget\" data-settings=\"{&quot;_transform_translateX_effect_hover&quot;:{&quot;unit&quot;:&quot;px&quot;,&quot;size&quot;:4,&quot;sizes&quot;:[]},&quot;_animation&quot;:&quot;fadeIn&quot;,&quot;_transform_translateX_effect_hover_widescreen&quot;:{&quot;unit&quot;:&quot;px&quot;,&quot;size&quot;:&quot;&quot;,&quot;sizes&quot;:[]},&quot;_transform_translateX_effect_hover_tablet&quot;:{&quot;unit&quot;:&quot;px&quot;,&quot;size&quot;:&quot;&quot;,&quot;sizes&quot;:[]},&quot;_transform_translateX_effect_hover_mobile_extra&quot;:{&quot;unit&quot;:&quot;px&quot;,&quot;size&quot;:&quot;&quot;,&quot;sizes&quot;:[]},&quot;_transform_translateX_effect_hover_mobile&quot;:{&quot;unit&quot;:&quot;px&quot;,&quot;size&quot;:&quot;&quot;,&quot;sizes&quot;:[]},&quot;_transform_translateY_effect_hover&quot;:{&quot;unit&quot;:&quot;px&quot;,&quot;size&quot;:&quot;&quot;,&quot;sizes&quot;:[]},&quot;_transform_translateY_effect_hover_widescreen&quot;:{&quot;unit&quot;:&quot;px&quot;,&quot;size&quot;:&quot;&quot;,&quot;sizes&quot;:[]},&quot;_transform_translateY_effect_hover_tablet&quot;:{&quot;unit&quot;:&quot;px&quot;,&quot;size&quot;:&quot;&quot;,&quot;sizes&quot;:[]},&quot;_transform_translateY_effect_hover_mobile_extra&quot;:{&quot;unit&quot;:&quot;px&quot;,&quot;size&quot;:&quot;&quot;,&quot;sizes&quot;:[]},&quot;_transform_translateY_effect_hover_mobile&quot;:{&quot;unit&quot;:&quot;px&quot;,&quot;size&quot;:&quot;&quot;,&quot;sizes&quot;:[]}}\" data-widget_type=\"button.default\">\n\t\t\t\t<div class=\"elementor-widget-container\">\n\t\t\t\t\t\t\t\t\t<div class=\"elementor-button-wrapper\">\n\t\t\t\t\t<a class=\"elementor-button elementor-button-link elementor-size-sm\" href=\"http:\/\/twentysight.com\/contact\/\">\n\t\t\t\t\t\t<span class=\"elementor-button-content-wrapper\">\n\t\t\t\t\t\t<span class=\"elementor-button-icon\">\n\t\t\t\t<i aria-hidden=\"true\" class=\"fas fa-long-arrow-alt-right\"><\/i>\t\t\t<\/span>\n\t\t\t\t\t\t\t\t\t<span class=\"elementor-button-text\">Contact<\/span>\n\t\t\t\t\t<\/span>\n\t\t\t\t\t<\/a>\n\t\t\t\t<\/div>\n\t\t\t\t\t\t\t\t<\/div>\n\t\t\t\t<\/div>\n\t\t\t\t\t<\/div>\n\t\t\t\t<\/div>\n\t\t\t\t<\/div>\n\t\t\t\t<\/div>\n\t\t","protected":false},"excerpt":{"rendered":"<p>Carole &#8211; Fashion photographer More than twenty years ago in Paris, Carole opened the doors to her photographic destiny. A passionate photo assistant, she trains with patience and curiosity, taming the camera as one tames the light of a new morning. Her talent blossoms between tradition and modernity,as she accompanies the magical transition from film [&hellip;]<\/p>\n","protected":false},"author":3,"featured_media":0,"parent":0,"menu_order":0,"comment_status":"closed","ping_status":"closed","template":"","meta":{"_seopress_robots_primary_cat":"","_seopress_titles_title":"Introducing Photographers Carole & Marie-Antoinette","_seopress_titles_desc":"Meet Carole & Marie-Antoinette, the passionate photographers behind Twenty Sight. A creative duo at the service of fashion, based in Geneva.","_seopress_robots_index":"","site-sidebar-layout":"no-sidebar","site-content-layout":"plain-container","ast-site-content-layout":"full-width-container","site-content-style":"default","site-sidebar-style":"default","ast-global-header-display":"","ast-banner-title-visibility":"","ast-main-header-display":"","ast-hfb-above-header-display":"","ast-hfb-below-header-display":"","ast-hfb-mobile-header-display":"","site-post-title":"disabled","ast-breadcrumbs-content":"","ast-featured-img":"","footer-sml-layout":"","ast-disable-related-posts":"","theme-transparent-header-meta":"disabled","adv-header-id-meta":"","stick-header-meta":"","header-above-stick-meta":"","header-main-stick-meta":"","header-below-stick-meta":"","astra-migrate-meta-layouts":"default","ast-page-background-enabled":"default","ast-page-background-meta":{"desktop":{"background-color":"var(--ast-global-color-4)","background-image":"","background-repeat":"repeat","background-position":"center center","background-size":"auto","background-attachment":"scroll","background-type":"","background-media":"","overlay-type":"","overlay-color":"","overlay-opacity":"","overlay-gradient":""},"tablet":{"background-color":"","background-image":"","background-repeat":"repeat","background-position":"center center","background-size":"auto","background-attachment":"scroll","background-type":"","background-media":"","overlay-type":"","overlay-color":"","overlay-opacity":"","overlay-gradient":""},"mobile":{"background-color":"","background-image":"","background-repeat":"repeat","background-position":"center center","background-size":"auto","background-attachment":"scroll","background-type":"","background-media":"","overlay-type":"","overlay-color":"","overlay-opacity":"","overlay-gradient":""}},"ast-content-background-meta":{"desktop":{"background-color":"var(--ast-global-color-5)","background-image":"","background-repeat":"repeat","background-position":"center center","background-size":"auto","background-attachment":"scroll","background-type":"","background-media":"","overlay-type":"","overlay-color":"","overlay-opacity":"","overlay-gradient":""},"tablet":{"background-color":"var(--ast-global-color-5)","background-image":"","background-repeat":"repeat","background-position":"center center","background-size":"auto","background-attachment":"scroll","background-type":"","background-media":"","overlay-type":"","overlay-color":"","overlay-opacity":"","overlay-gradient":""},"mobile":{"background-color":"var(--ast-global-color-5)","background-image":"","background-repeat":"repeat","background-position":"center center","background-size":"auto","background-attachment":"scroll","background-type":"","background-media":"","overlay-type":"","overlay-color":"","overlay-opacity":"","overlay-gradient":""}},"footnotes":""},"class_list":["post-3205","page","type-page","status-publish","hentry"],"_links":{"self":[{"href":"https:\/\/twentysight.com\/en\/wp-json\/wp\/v2\/pages\/3205","targetHints":{"allow":["GET"]}}],"collection":[{"href":"https:\/\/twentysight.com\/en\/wp-json\/wp\/v2\/pages"}],"about":[{"href":"https:\/\/twentysight.com\/en\/wp-json\/wp\/v2\/types\/page"}],"author":[{"embeddable":true,"href":"https:\/\/twentysight.com\/en\/wp-json\/wp\/v2\/users\/3"}],"replies":[{"embeddable":true,"href":"https:\/\/twentysight.com\/en\/wp-json\/wp\/v2\/comments?post=3205"}],"version-history":[{"count":3,"href":"https:\/\/twentysight.com\/en\/wp-json\/wp\/v2\/pages\/3205\/revisions"}],"predecessor-version":[{"id":3253,"href":"https:\/\/twentysight.com\/en\/wp-json\/wp\/v2\/pages\/3205\/revisions\/3253"}],"wp:attachment":[{"href":"https:\/\/twentysight.com\/en\/wp-json\/wp\/v2\/media?parent=3205"}],"curies":[{"name":"wp","href":"https:\/\/api.w.org\/{rel}","templated":true}]}}